{"id":248,"date":"2017-08-01T07:06:19","date_gmt":"2017-08-01T07:06:19","guid":{"rendered":"http:\/\/bientraitance.ggbro.club\/?page_id=248"},"modified":"2018-02-20T18:12:08","modified_gmt":"2018-02-20T17:12:08","slug":"contact-us","status":"publish","type":"page","link":"https:\/\/bientraitance.lu\/de\/contact-us\/","title":{"rendered":"Formular"},"content":{"rendered":"<p>[vc_row][vc_column][vc_column_text]<\/p>\n<h3 class=\"phot\">Kontakt<\/h3>\n<p>[\/vc_column_text][vc_row_inner][vc_column_inner width=\u00a0\u00bb1\/4&Prime;][\/vc_column_inner][vc_column_inner width=\u00a0\u00bb1\/2&Prime;][vc_column_text el_id=\u00a0\u00bbform-c\u00a0\u00bb]<\/p>\n<p style=\"text-align: center;\">\n<div class=\"wpcf7 no-js\" id=\"wpcf7-f250-o1\" lang=\"en-US\" dir=\"ltr\" data-wpcf7-id=\"250\">\n<div class=\"screen-reader-response\"><p role=\"status\" aria-live=\"polite\" aria-atomic=\"true\"><\/p> <ul><\/ul><\/div>\n<form action=\"\/de\/wp-json\/wp\/v2\/pages\/248#wpcf7-f250-o1\" method=\"post\" class=\"wpcf7-form init\" aria-label=\"Contact form\" novalidate=\"novalidate\" data-status=\"init\" data-trp-original-action=\"\/de\/wp-json\/wp\/v2\/pages\/248#wpcf7-f250-o1\">\n<fieldset class=\"hidden-fields-container\"><input type=\"hidden\" name=\"_wpcf7\" value=\"250\" \/><input type=\"hidden\" name=\"_wpcf7_version\" value=\"6.1.5\" \/><input type=\"hidden\" name=\"_wpcf7_locale\" value=\"en_US\" \/><input type=\"hidden\" name=\"_wpcf7_unit_tag\" value=\"wpcf7-f250-o1\" \/><input type=\"hidden\" name=\"_wpcf7_container_post\" value=\"0\" \/><input type=\"hidden\" name=\"_wpcf7_posted_data_hash\" value=\"\" \/>\n<\/fieldset>\n<p class=\"form1\">Nom, Pr\u00e9nom*\n<\/p>\n<p class=\"field\"><span class=\"wpcf7-form-control-wrap\" data-name=\"NomPrnom\"><input size=\"40\" maxlength=\"400\" class=\"wpcf7-form-control wpcf7-text wpcf7-validates-as-required\" aria-required=\"true\" aria-invalid=\"false\" value=\"\" type=\"text\" name=\"NomPrnom\" \/><\/span>\n<\/p>\n<p class=\"form1\">Email*\n<\/p>\n<p class=\"field\"><span class=\"wpcf7-form-control-wrap\" data-name=\"Email\"><input size=\"40\" maxlength=\"400\" class=\"wpcf7-form-control wpcf7-email wpcf7-validates-as-required wpcf7-text wpcf7-validates-as-email\" aria-required=\"true\" aria-invalid=\"false\" value=\"\" type=\"email\" name=\"Email\" \/><\/span>\n<\/p>\n<p class=\"form2\">Contexte de mon appel. Je suis :*\n<\/p>\n<p class=\"field\"><span class=\"wpcf7-form-control-wrap\" data-name=\"Jesuis\"><span class=\"wpcf7-form-control wpcf7-checkbox wpcf7-validates-as-required\"><span class=\"wpcf7-list-item first\"><input type=\"checkbox\" name=\"Jesuis[]\" value=\"Externe au Dispositif\" \/><span class=\"wpcf7-list-item-label\">Externe au Dispositif<\/span><\/span><span class=\"wpcf7-list-item\"><input type=\"checkbox\" name=\"Jesuis[]\" value=\"Collaborateur Arcus\" \/><span class=\"wpcf7-list-item-label\">Collaborateur Arcus<\/span><\/span><span class=\"wpcf7-list-item\"><input type=\"checkbox\" name=\"Jesuis[]\" value=\"Collaborateur Caritas\" \/><span class=\"wpcf7-list-item-label\">Collaborateur Caritas<\/span><\/span><span class=\"wpcf7-list-item\"><input type=\"checkbox\" name=\"Jesuis[]\" value=\"Collaborateur de la Croix-Rouge\" \/><span class=\"wpcf7-list-item-label\">Collaborateur de la Croix-Rouge<\/span><\/span><span class=\"wpcf7-list-item\"><input type=\"checkbox\" name=\"Jesuis[]\" value=\"Collaborateur elisabeth\" \/><span class=\"wpcf7-list-item-label\">Collaborateur elisabeth<\/span><\/span><span class=\"wpcf7-list-item\"><input type=\"checkbox\" name=\"Jesuis[]\" value=\"Collaborateur des Internats\" \/><span class=\"wpcf7-list-item-label\">Collaborateur des Internats<\/span><\/span><span class=\"wpcf7-list-item\"><input type=\"checkbox\" name=\"Jesuis[]\" value=\"Client\/B\u00e9n\u00e9ficiaire Arcus\" \/><span class=\"wpcf7-list-item-label\">Client\/B\u00e9n\u00e9ficiaire Arcus<\/span><\/span><span class=\"wpcf7-list-item\"><input type=\"checkbox\" name=\"Jesuis[]\" value=\"Client\/B\u00e9n\u00e9ficiaire Caritas\" \/><span class=\"wpcf7-list-item-label\">Client\/B\u00e9n\u00e9ficiaire Caritas<\/span><\/span><span class=\"wpcf7-list-item\"><input type=\"checkbox\" name=\"Jesuis[]\" value=\"Client\/B\u00e9n\u00e9ficiaire Croix-Rouge\" \/><span class=\"wpcf7-list-item-label\">Client\/B\u00e9n\u00e9ficiaire Croix-Rouge<\/span><\/span><span class=\"wpcf7-list-item\"><input type=\"checkbox\" name=\"Jesuis[]\" value=\"Client\/B\u00e9n\u00e9ficiaire elisabeth\" \/><span class=\"wpcf7-list-item-label\">Client\/B\u00e9n\u00e9ficiaire elisabeth<\/span><\/span><span class=\"wpcf7-list-item\"><input type=\"checkbox\" name=\"Jesuis[]\" value=\"Client\/B\u00e9n\u00e9ficiaire des Internats\" \/><span class=\"wpcf7-list-item-label\">Client\/B\u00e9n\u00e9ficiaire des Internats<\/span><\/span><span class=\"wpcf7-list-item last\"><input type=\"checkbox\" name=\"Jesuis[]\" value=\"Autre\" \/><span class=\"wpcf7-list-item-label\">Autre<\/span><\/span><\/span><\/span>\n<\/p>\n<p class=\"form2\">La raison de mon contact:*\n<\/p>\n<p class=\"field\"><span class=\"wpcf7-form-control-wrap\" data-name=\"Raison\"><span class=\"wpcf7-form-control wpcf7-checkbox wpcf7-validates-as-required\"><span class=\"wpcf7-list-item first\"><input type=\"checkbox\" name=\"Raison[]\" value=\"Plainte\" \/><span class=\"wpcf7-list-item-label\">Plainte<\/span><\/span><span class=\"wpcf7-list-item\"><input type=\"checkbox\" name=\"Raison[]\" value=\"Observation\/Questionnement\" \/><span class=\"wpcf7-list-item-label\">Observation\/Questionnement<\/span><\/span><span class=\"wpcf7-list-item\"><input type=\"checkbox\" name=\"Raison[]\" value=\"Echange professionnel\" \/><span class=\"wpcf7-list-item-label\">Echange professionnel<\/span><\/span><span class=\"wpcf7-list-item\"><input type=\"checkbox\" name=\"Raison[]\" value=\"Intervention en \u00e9quipe\" \/><span class=\"wpcf7-list-item-label\">Intervention en \u00e9quipe<\/span><\/span><span class=\"wpcf7-list-item last\"><input type=\"checkbox\" name=\"Raison[]\" value=\"Autre\" \/><span class=\"wpcf7-list-item-label\">Autre<\/span><\/span><\/span><\/span>\n<\/p>\n<p class=\"form3\">Mes donn\u00e9es de contact suppl\u00e9mentaires au mail.\n<\/p>\n<p class=\"field\"><span class=\"wpcf7-form-control-wrap\" data-name=\"textarea\"><textarea cols=\"40\" rows=\"10\" maxlength=\"2000\" class=\"wpcf7-form-control wpcf7-textarea wpcf7-validates-as-required\" aria-required=\"true\" aria-invalid=\"false\" name=\"textarea\"><\/textarea><\/span>\n<\/p>\n<p class=\"text1\">Note: Votre demande sera trait\u00e9e de mani\u00e9re<br \/>\nind\u00e9pendante et oon\ufb01dentielle par les D\u00e9l\u00e9gu\u00e9s de la Bientraitance.\n<\/p>\n<p><strong>*champs obligatoires<\/strong>\n<\/p>\n<p class=\"submit\"><input class=\"wpcf7-form-control wpcf7-submit has-spinner\" type=\"submit\" value=\"Envoyer\" \/>\n<\/p><div class=\"wpcf7-response-output\" aria-hidden=\"true\"><\/div>\n<input type=\"hidden\" name=\"trp-form-language\" value=\"de\"\/><\/form>\n<\/div>\n<\/p>\n<p>[\/vc_column_text][\/vc_column_inner][vc_column_inner width=\u00a0\u00bb1\/4&Prime;][\/vc_column_inner][\/vc_row_inner][\/vc_column][\/vc_row]<\/p>","protected":false},"excerpt":{"rendered":"<p>[vc_row][vc_column][vc_column_text] Contact [\/vc_column_text][vc_row_inner][vc_column_inner width=\u00a0\u00bb1\/4&Prime;][\/vc_column_inner][vc_column_inner width=\u00a0\u00bb1\/2&Prime;][vc_column_text el_id=\u00a0\u00bbform-c\u00a0\u00bb] [\/vc_column_text][\/vc_column_inner][vc_column_inner width=\u00a0\u00bb1\/4&Prime;][\/vc_column_inner][\/vc_row_inner][\/vc_column][\/vc_row]<\/p>","protected":false},"author":1,"featured_media":0,"parent":0,"menu_order":0,"comment_status":"closed","ping_status":"closed","template":"","meta":{"_acf_changed":false,"footnotes":""},"class_list":["post-248","page","type-page","status-publish","hentry"],"acf":[],"_links":{"self":[{"href":"https:\/\/bientraitance.lu\/de\/wp-json\/wp\/v2\/pages\/248","targetHints":{"allow":["GET"]}}],"collection":[{"href":"https:\/\/bientraitance.lu\/de\/wp-json\/wp\/v2\/pages"}],"about":[{"href":"https:\/\/bientraitance.lu\/de\/wp-json\/wp\/v2\/types\/page"}],"author":[{"embeddable":true,"href":"https:\/\/bientraitance.lu\/de\/wp-json\/wp\/v2\/users\/1"}],"replies":[{"embeddable":true,"href":"https:\/\/bientraitance.lu\/de\/wp-json\/wp\/v2\/comments?post=248"}],"version-history":[{"count":18,"href":"https:\/\/bientraitance.lu\/de\/wp-json\/wp\/v2\/pages\/248\/revisions"}],"predecessor-version":[{"id":891,"href":"https:\/\/bientraitance.lu\/de\/wp-json\/wp\/v2\/pages\/248\/revisions\/891"}],"wp:attachment":[{"href":"https:\/\/bientraitance.lu\/de\/wp-json\/wp\/v2\/media?parent=248"}],"curies":[{"name":"wp","href":"https:\/\/api.w.org\/{rel}","templated":true}]}}