{"id":200,"date":"2017-07-31T11:13:55","date_gmt":"2017-07-31T10:13:55","guid":{"rendered":"http:\/\/bientraitance.ggbro.club\/?page_id=200"},"modified":"2025-10-08T12:57:19","modified_gmt":"2025-10-08T11:57:19","slug":"formations","status":"publish","type":"page","link":"https:\/\/bientraitance.lu\/de\/formations\/","title":{"rendered":"Sensibilisation \u00e0 la Bientraitance"},"content":{"rendered":"<div data-elementor-type=\"wp-page\" data-elementor-id=\"200\" class=\"elementor elementor-200\" data-elementor-post-type=\"page\">\n\t\t\t\t\t\t<section class=\"elementor-section elementor-top-section elementor-element elementor-element-4b17d82 elementor-section-boxed elementor-section-height-default elementor-section-height-default\" data-id=\"4b17d82\" data-element_type=\"section\" data-e-type=\"section\">\n\t\t\t\t\t\t<div class=\"elementor-container elementor-column-gap-default\">\n\t\t\t\t\t<div class=\"elementor-column elementor-col-100 elementor-top-column elementor-element elementor-element-311f577\" data-id=\"311f577\" data-element_type=\"column\" data-e-type=\"column\">\n\t\t\t<div class=\"elementor-widget-wrap elementor-element-populated\">\n\t\t\t\t\t\t<div class=\"elementor-element elementor-element-27aaea1 elementor-widget elementor-widget-text-editor\" data-id=\"27aaea1\" data-element_type=\"widget\" data-e-type=\"widget\" data-widget_type=\"text-editor.default\">\n\t\t\t\t<div class=\"elementor-widget-container\">\n\t\t\t\t\t\t\t\t\t<h5>Formation \u00ab\u00a0Sensibilisation \u00e0 la Bientraitance\u00a0\u00bb &#8211; 4 heures\u00a0<\/h5><p>Toute prise en charge de personnes vuln\u00e9rables am\u00e8ne par d\u00e9finition des risques de maltraitance,qu&rsquo;il s&rsquo;agisse d&rsquo;un public d&rsquo;enfants, d&rsquo;adolescents et\/ou d&rsquo;adultes en situation de fragilit\u00e9 temporaire ou continue (\u00e9preuves de vie, handicap, grand \u00e2ge&#8230;). Au del\u00e0 de ces risques, il est essentiel que ces accompagnements s&rsquo;int\u00e8grent \u00e0 une v\u00e9ritable d\u00e9marche de Bientraitance, dans le respect des besoins et droits fondamentaux de l&rsquo;\u00eatre humain. Il s&rsquo;agit d&rsquo;un v\u00e9ritable engagement tant individuel que collectif.<span class=\"Apple-converted-space\">\u00a0<\/span><\/p><h6><span class=\"Apple-converted-space\">Objectifs p\u00e9dagogiques<\/span><\/h6><ul><li>Conna\u00eetre les \u00e9l\u00e9ments constitutifs de la maltraitance et de la Bientraitance ;<span class=\"Apple-converted-space\">\u00a0<\/span><\/li><li>Identifier les risques auxquels sont confront\u00e9es les personnes vuln\u00e9rables dont ils \/ elles sont en charge de par leur m\u00e9tier ;<\/li><li>Classifier les situations selon la grille d&rsquo;\u00e9valuation des feux de signalisation (rouge, orange, vert) ;<span class=\"Apple-converted-space\">\u00a0<\/span><\/li><li>Acqu\u00e9rir une m\u00e9thodologie d&rsquo;analyse et de traitement des situations probl\u00e9matiques et\/ou douteuses auxquelles ils \/elles pourraient \u00eatre confront\u00e9s ;<span class=\"Apple-converted-space\">\u00a0<\/span><\/li><li>Conna\u00eetre leur p\u00e9rim\u00e8tre de d\u00e9cisions et d&rsquo;actions (droits, devoirs, options) en mati\u00e8re de pr\u00e9vention et d&rsquo;\u00e9radication de toutes formes de maltraitance ;<\/li><li>Identifier leurs personnes ressources et rechercher les proc\u00e9dures impl\u00e9ment\u00e9es au sein de leur organisation ;<span class=\"Apple-converted-space\">\u00a0<\/span><\/li><li>Acqu\u00e9rir de nouveaux r\u00e9flexes de mise en place et de maintien de la Bientraitance au travail.<\/li><\/ul><h6>M\u00e9thodes didactiques et p\u00e9dagogiques\u00a0<\/h6><ul><li>Base th\u00e9orique et exercices interactifs<span class=\"Apple-converted-space\">\u00a0<\/span><\/li><li>Questionnements (ma\u00efeutique)<span class=\"Apple-converted-space\">\u00a0<\/span><\/li><li>\u00c9tudes de cas pratiques anonymes issus de la r\u00e9alit\u00e9 du terrain<span class=\"Apple-converted-space\">\u00a0<\/span><\/li><\/ul><h6>\u00c9valuation<\/h6><ul><li>Tour de table<span class=\"Apple-converted-space\">\u00a0<\/span><\/li><li>Questionnaire<\/li><li>Auto-\u00e9valuation<\/li><\/ul><h6>Comp\u00e9tences d\u00e9velopp\u00e9es<\/h6><ul><li>Esprit critique et discernement<span class=\"Apple-converted-space\">\u00a0<\/span><\/li><li>Analyse<span class=\"Apple-converted-space\">\u00a0<\/span><\/li><li>Collaboration<span class=\"Apple-converted-space\">\u00a0<\/span><\/li><li>Ma\u00eetrise des situations critiques<span class=\"Apple-converted-space\">\u00a0<\/span><\/li><li>Communication<span class=\"Apple-converted-space\">\u00a0<\/span><\/li><\/ul><p>\u00a0<\/p>\t\t\t\t\t\t\t\t<\/div>\n\t\t\t\t<\/div>\n\t\t\t\t\t<\/div>\n\t\t<\/div>\n\t\t\t\t\t<\/div>\n\t\t<\/section>\n\t\t\t\t<\/div>","protected":false},"excerpt":{"rendered":"<p>Formation \u00ab\u00a0Sensibilisation \u00e0 la Bientraitance\u00a0\u00bb &#8211; 4 heures\u00a0 Toute prise en charge de personnes vuln\u00e9rables am\u00e8ne par d\u00e9finition des risques de maltraitance,qu&rsquo;il s&rsquo;agisse d&rsquo;un public d&rsquo;enfants,<span class=\"excerpt-hellip\"> [\u2026]<\/span><\/p>","protected":false},"author":1,"featured_media":0,"parent":0,"menu_order":0,"comment_status":"closed","ping_status":"closed","template":"","meta":{"_acf_changed":false,"footnotes":""},"class_list":["post-200","page","type-page","status-publish","hentry"],"acf":[],"_links":{"self":[{"href":"https:\/\/bientraitance.lu\/de\/wp-json\/wp\/v2\/pages\/200","targetHints":{"allow":["GET"]}}],"collection":[{"href":"https:\/\/bientraitance.lu\/de\/wp-json\/wp\/v2\/pages"}],"about":[{"href":"https:\/\/bientraitance.lu\/de\/wp-json\/wp\/v2\/types\/page"}],"author":[{"embeddable":true,"href":"https:\/\/bientraitance.lu\/de\/wp-json\/wp\/v2\/users\/1"}],"replies":[{"embeddable":true,"href":"https:\/\/bientraitance.lu\/de\/wp-json\/wp\/v2\/comments?post=200"}],"version-history":[{"count":38,"href":"https:\/\/bientraitance.lu\/de\/wp-json\/wp\/v2\/pages\/200\/revisions"}],"predecessor-version":[{"id":4915,"href":"https:\/\/bientraitance.lu\/de\/wp-json\/wp\/v2\/pages\/200\/revisions\/4915"}],"wp:attachment":[{"href":"https:\/\/bientraitance.lu\/de\/wp-json\/wp\/v2\/media?parent=200"}],"curies":[{"name":"wp","href":"https:\/\/api.w.org\/{rel}","templated":true}]}}