{"id":1995,"date":"2021-02-02T13:19:35","date_gmt":"2021-02-02T12:19:35","guid":{"rendered":"https:\/\/bien.webdeluxe.eu\/?page_id=1995"},"modified":"2021-08-29T06:32:37","modified_gmt":"2021-08-29T05:32:37","slug":"videos","status":"publish","type":"page","link":"https:\/\/bientraitance.lu\/de\/videos\/","title":{"rendered":"Vid\u00e9os"},"content":{"rendered":"Du musst angemeldet sein, um diesen Inhalt sehen zu k\u00f6nnen.","protected":false},"excerpt":{"rendered":"Du musst angemeldet sein, um diesen Inhalt sehen zu k\u00f6nnen.","protected":false},"author":9,"featured_media":0,"parent":0,"menu_order":0,"comment_status":"closed","ping_status":"closed","template":"","meta":{"_acf_changed":false,"footnotes":""},"class_list":["post-1995","page","type-page","status-publish","hentry"],"acf":[],"_links":{"self":[{"href":"https:\/\/bientraitance.lu\/de\/wp-json\/wp\/v2\/pages\/1995","targetHints":{"allow":["GET"]}}],"collection":[{"href":"https:\/\/bientraitance.lu\/de\/wp-json\/wp\/v2\/pages"}],"about":[{"href":"https:\/\/bientraitance.lu\/de\/wp-json\/wp\/v2\/types\/page"}],"author":[{"embeddable":true,"href":"https:\/\/bientraitance.lu\/de\/wp-json\/wp\/v2\/users\/9"}],"replies":[{"embeddable":true,"href":"https:\/\/bientraitance.lu\/de\/wp-json\/wp\/v2\/comments?post=1995"}],"version-history":[{"count":25,"href":"https:\/\/bientraitance.lu\/de\/wp-json\/wp\/v2\/pages\/1995\/revisions"}],"predecessor-version":[{"id":2776,"href":"https:\/\/bientraitance.lu\/de\/wp-json\/wp\/v2\/pages\/1995\/revisions\/2776"}],"wp:attachment":[{"href":"https:\/\/bientraitance.lu\/de\/wp-json\/wp\/v2\/media?parent=1995"}],"curies":[{"name":"wp","href":"https:\/\/api.w.org\/{rel}","templated":true}]}}