{"id":1873,"date":"2021-02-01T17:28:27","date_gmt":"2021-02-01T16:28:27","guid":{"rendered":"https:\/\/bien.webdeluxe.eu\/?page_id=1873"},"modified":"2025-04-22T09:33:18","modified_gmt":"2025-04-22T08:33:18","slug":"chez-hut","status":"publish","type":"page","link":"https:\/\/bientraitance.lu\/de\/le-dispositif-bientraitance\/qui-sommes-nous\/chez-hut\/","title":{"rendered":"Chez HUT"},"content":{"rendered":"<div data-elementor-type=\"wp-page\" data-elementor-id=\"1873\" class=\"elementor elementor-1873\" data-elementor-post-type=\"page\">\n\t\t\t\t\t\t<section class=\"elementor-section elementor-top-section elementor-element elementor-element-7f1c204 elementor-section-boxed elementor-section-height-default elementor-section-height-default\" data-id=\"7f1c204\" data-element_type=\"section\" data-e-type=\"section\">\n\t\t\t\t\t\t<div class=\"elementor-container elementor-column-gap-default\">\n\t\t\t\t\t<div class=\"elementor-column elementor-col-50 elementor-top-column elementor-element elementor-element-77b7732\" data-id=\"77b7732\" data-element_type=\"column\" data-e-type=\"column\">\n\t\t\t<div class=\"elementor-widget-wrap elementor-element-populated\">\n\t\t\t\t\t\t<div class=\"elementor-element elementor-element-cf8f7b9 elementor-widget elementor-widget-image\" data-id=\"cf8f7b9\" data-element_type=\"widget\" data-e-type=\"widget\" data-widget_type=\"image.default\">\n\t\t\t\t<div class=\"elementor-widget-container\">\n\t\t\t\t\t\t\t\t\t\t\t\t\t\t\t\t<a href=\"https:\/\/www.caritas.lu\/\" target=\"_blank\">\n\t\t\t\t\t\t\t<img fetchpriority=\"high\" decoding=\"async\" width=\"504\" height=\"276\" src=\"https:\/\/bientraitance.lu\/wp-content\/uploads\/2025\/02\/Logo_HUT_Reserve.png\" class=\"attachment-large size-large wp-image-4501\" alt=\"\" srcset=\"https:\/\/bientraitance.lu\/wp-content\/uploads\/2025\/02\/Logo_HUT_Reserve.png 504w, https:\/\/bientraitance.lu\/wp-content\/uploads\/2025\/02\/Logo_HUT_Reserve-300x164.png 300w, https:\/\/bientraitance.lu\/wp-content\/uploads\/2025\/02\/Logo_HUT_Reserve-18x10.png 18w, https:\/\/bientraitance.lu\/wp-content\/uploads\/2025\/02\/Logo_HUT_Reserve-260x142.png 260w, https:\/\/bientraitance.lu\/wp-content\/uploads\/2025\/02\/Logo_HUT_Reserve-50x27.png 50w, https:\/\/bientraitance.lu\/wp-content\/uploads\/2025\/02\/Logo_HUT_Reserve-137x75.png 137w\" sizes=\"(max-width: 504px) 100vw, 504px\" \/>\t\t\t\t\t\t\t\t<\/a>\n\t\t\t\t\t\t\t\t\t\t\t\t\t\t\t<\/div>\n\t\t\t\t<\/div>\n\t\t\t\t\t<\/div>\n\t\t<\/div>\n\t\t\t\t<div class=\"elementor-column elementor-col-50 elementor-top-column elementor-element elementor-element-e4ca552\" data-id=\"e4ca552\" data-element_type=\"column\" data-e-type=\"column\">\n\t\t\t<div class=\"elementor-widget-wrap elementor-element-populated\">\n\t\t\t\t\t\t<div class=\"elementor-element elementor-element-11d6832 elementor-widget elementor-widget-text-editor\" data-id=\"11d6832\" data-element_type=\"widget\" data-e-type=\"widget\" data-widget_type=\"text-editor.default\">\n\t\t\t\t<div class=\"elementor-widget-container\">\n\t\t\t\t\t\t\t\t\t<h4 style=\"text-align: right;\"><strong><span style=\"color: #808080;\">\ud83d\udcde +352 26 155 &#8211; 1<\/span><\/strong><\/h4>\t\t\t\t\t\t\t\t<\/div>\n\t\t\t\t<\/div>\n\t\t\t\t<div class=\"elementor-element elementor-element-3b115b7 elementor-widget elementor-widget-text-editor\" data-id=\"3b115b7\" data-element_type=\"widget\" data-e-type=\"widget\" data-widget_type=\"text-editor.default\">\n\t\t\t\t<div class=\"elementor-widget-container\">\n\t\t\t\t\t\t\t\t\t<h4 style=\"text-align: right;\"><a href=\"http:\/\/www.caritas.lu\" target=\"_blank\" rel=\"noopener\">www.hut.lu<\/a><\/h4>\t\t\t\t\t\t\t\t<\/div>\n\t\t\t\t<\/div>\n\t\t\t\t\t<\/div>\n\t\t<\/div>\n\t\t\t\t\t<\/div>\n\t\t<\/section>\n\t\t\t\t<section class=\"elementor-section elementor-top-section elementor-element elementor-element-6d3c33c elementor-section-boxed elementor-section-height-default elementor-section-height-default\" data-id=\"6d3c33c\" data-element_type=\"section\" data-e-type=\"section\">\n\t\t\t\t\t\t<div class=\"elementor-container elementor-column-gap-default\">\n\t\t\t\t\t<div class=\"elementor-column elementor-col-50 elementor-top-column elementor-element elementor-element-52936f1\" data-id=\"52936f1\" data-element_type=\"column\" data-e-type=\"column\">\n\t\t\t<div class=\"elementor-widget-wrap elementor-element-populated\">\n\t\t\t\t\t\t<div class=\"elementor-element elementor-element-55c2b16 elementor-widget elementor-widget-text-editor\" data-id=\"55c2b16\" data-element_type=\"widget\" data-e-type=\"widget\" data-widget_type=\"text-editor.default\">\n\t\t\t\t<div class=\"elementor-widget-container\">\n\t\t\t\t\t\t\t\t\t<h6>Direction<\/h6>\t\t\t\t\t\t\t\t<\/div>\n\t\t\t\t<\/div>\n\t\t\t\t<section class=\"elementor-section elementor-inner-section elementor-element elementor-element-eda9d14 elementor-section-boxed elementor-section-height-default elementor-section-height-default\" data-id=\"eda9d14\" data-element_type=\"section\" data-e-type=\"section\">\n\t\t\t\t\t\t<div class=\"elementor-container elementor-column-gap-default\">\n\t\t\t\t\t<div class=\"elementor-column elementor-col-50 elementor-inner-column elementor-element elementor-element-1969476\" data-id=\"1969476\" data-element_type=\"column\" data-e-type=\"column\">\n\t\t\t<div class=\"elementor-widget-wrap elementor-element-populated\">\n\t\t\t\t\t\t<div class=\"elementor-element elementor-element-0f2b430 elementor-widget elementor-widget-image\" data-id=\"0f2b430\" data-element_type=\"widget\" data-e-type=\"widget\" data-widget_type=\"image.default\">\n\t\t\t\t<div class=\"elementor-widget-container\">\n\t\t\t\t\t\t\t\t\t\t\t\t\t\t\t<img decoding=\"async\" width=\"768\" height=\"768\" src=\"https:\/\/bientraitance.lu\/wp-content\/uploads\/2025\/04\/Directeur-Patrick-Schrantz-768x768.jpeg\" class=\"attachment-medium_large size-medium_large wp-image-4706\" alt=\"\" srcset=\"https:\/\/bientraitance.lu\/wp-content\/uploads\/2025\/04\/Directeur-Patrick-Schrantz-768x768.jpeg 768w, https:\/\/bientraitance.lu\/wp-content\/uploads\/2025\/04\/Directeur-Patrick-Schrantz-300x300.jpeg 300w, https:\/\/bientraitance.lu\/wp-content\/uploads\/2025\/04\/Directeur-Patrick-Schrantz-150x150.jpeg 150w, https:\/\/bientraitance.lu\/wp-content\/uploads\/2025\/04\/Directeur-Patrick-Schrantz-12x12.jpeg 12w, https:\/\/bientraitance.lu\/wp-content\/uploads\/2025\/04\/Directeur-Patrick-Schrantz-146x146.jpeg 146w, https:\/\/bientraitance.lu\/wp-content\/uploads\/2025\/04\/Directeur-Patrick-Schrantz-50x50.jpeg 50w, https:\/\/bientraitance.lu\/wp-content\/uploads\/2025\/04\/Directeur-Patrick-Schrantz-75x75.jpeg 75w, https:\/\/bientraitance.lu\/wp-content\/uploads\/2025\/04\/Directeur-Patrick-Schrantz-85x85.jpeg 85w, https:\/\/bientraitance.lu\/wp-content\/uploads\/2025\/04\/Directeur-Patrick-Schrantz-80x80.jpeg 80w, https:\/\/bientraitance.lu\/wp-content\/uploads\/2025\/04\/Directeur-Patrick-Schrantz.jpeg 800w\" sizes=\"(max-width: 768px) 100vw, 768px\" \/>\t\t\t\t\t\t\t\t\t\t\t\t\t\t\t<\/div>\n\t\t\t\t<\/div>\n\t\t\t\t\t<\/div>\n\t\t<\/div>\n\t\t\t\t<div class=\"elementor-column elementor-col-50 elementor-inner-column elementor-element elementor-element-77e0089\" data-id=\"77e0089\" data-element_type=\"column\" data-e-type=\"column\">\n\t\t\t<div class=\"elementor-widget-wrap elementor-element-populated\">\n\t\t\t\t\t\t<div class=\"elementor-element elementor-element-ed01ea5 elementor-widget elementor-widget-text-editor\" data-id=\"ed01ea5\" data-element_type=\"widget\" data-e-type=\"widget\" data-widget_type=\"text-editor.default\">\n\t\t\t\t<div class=\"elementor-widget-container\">\n\t\t\t\t\t\t\t\t\t<p>Monsieur Philippe SCHRANTZ<\/p><p>Directeur g\u00e9n\u00e9ral<\/p>\t\t\t\t\t\t\t\t<\/div>\n\t\t\t\t<\/div>\n\t\t\t\t\t<\/div>\n\t\t<\/div>\n\t\t\t\t\t<\/div>\n\t\t<\/section>\n\t\t\t\t\t<\/div>\n\t\t<\/div>\n\t\t\t\t<div class=\"elementor-column elementor-col-50 elementor-top-column elementor-element elementor-element-b4a9e31\" data-id=\"b4a9e31\" data-element_type=\"column\" data-e-type=\"column\">\n\t\t\t<div class=\"elementor-widget-wrap elementor-element-populated\">\n\t\t\t\t\t\t<div class=\"elementor-element elementor-element-9541eee elementor-widget elementor-widget-text-editor\" data-id=\"9541eee\" data-element_type=\"widget\" data-e-type=\"widget\" data-widget_type=\"text-editor.default\">\n\t\t\t\t<div class=\"elementor-widget-container\">\n\t\t\t\t\t\t\t\t\t<h6><span style=\"font-family: Oswald, Arial, Tahoma, sans-serif; font-size: 14px; font-style: normal; font-variant-caps: normal;\">Comit\u00e9 de Collaboration et de Coordination<\/span><\/h6>\t\t\t\t\t\t\t\t<\/div>\n\t\t\t\t<\/div>\n\t\t\t\t<section class=\"elementor-section elementor-inner-section elementor-element elementor-element-c4094c6 elementor-section-boxed elementor-section-height-default elementor-section-height-default\" data-id=\"c4094c6\" data-element_type=\"section\" data-e-type=\"section\">\n\t\t\t\t\t\t<div class=\"elementor-container elementor-column-gap-default\">\n\t\t\t\t\t<div class=\"elementor-column elementor-col-50 elementor-inner-column elementor-element elementor-element-c0be18d\" data-id=\"c0be18d\" data-element_type=\"column\" data-e-type=\"column\">\n\t\t\t<div class=\"elementor-widget-wrap elementor-element-populated\">\n\t\t\t\t\t\t<div class=\"elementor-element elementor-element-232e6cc elementor-widget elementor-widget-image\" data-id=\"232e6cc\" data-element_type=\"widget\" data-e-type=\"widget\" data-widget_type=\"image.default\">\n\t\t\t\t<div class=\"elementor-widget-container\">\n\t\t\t\t\t\t\t\t\t\t\t\t\t\t\t<img decoding=\"async\" width=\"768\" height=\"768\" src=\"https:\/\/bientraitance.lu\/wp-content\/uploads\/2025\/04\/Nonna-Sehovic-768x768.jpeg\" class=\"attachment-medium_large size-medium_large wp-image-4708\" alt=\"\" srcset=\"https:\/\/bientraitance.lu\/wp-content\/uploads\/2025\/04\/Nonna-Sehovic-768x768.jpeg 768w, https:\/\/bientraitance.lu\/wp-content\/uploads\/2025\/04\/Nonna-Sehovic-300x300.jpeg 300w, https:\/\/bientraitance.lu\/wp-content\/uploads\/2025\/04\/Nonna-Sehovic-150x150.jpeg 150w, https:\/\/bientraitance.lu\/wp-content\/uploads\/2025\/04\/Nonna-Sehovic-12x12.jpeg 12w, https:\/\/bientraitance.lu\/wp-content\/uploads\/2025\/04\/Nonna-Sehovic-146x146.jpeg 146w, https:\/\/bientraitance.lu\/wp-content\/uploads\/2025\/04\/Nonna-Sehovic-50x50.jpeg 50w, https:\/\/bientraitance.lu\/wp-content\/uploads\/2025\/04\/Nonna-Sehovic-75x75.jpeg 75w, https:\/\/bientraitance.lu\/wp-content\/uploads\/2025\/04\/Nonna-Sehovic-85x85.jpeg 85w, https:\/\/bientraitance.lu\/wp-content\/uploads\/2025\/04\/Nonna-Sehovic-80x80.jpeg 80w, https:\/\/bientraitance.lu\/wp-content\/uploads\/2025\/04\/Nonna-Sehovic.jpeg 800w\" sizes=\"(max-width: 768px) 100vw, 768px\" \/>\t\t\t\t\t\t\t\t\t\t\t\t\t\t\t<\/div>\n\t\t\t\t<\/div>\n\t\t\t\t\t<\/div>\n\t\t<\/div>\n\t\t\t\t<div class=\"elementor-column elementor-col-50 elementor-inner-column elementor-element elementor-element-490f0c9\" data-id=\"490f0c9\" data-element_type=\"column\" data-e-type=\"column\">\n\t\t\t<div class=\"elementor-widget-wrap elementor-element-populated\">\n\t\t\t\t\t\t<div class=\"elementor-element elementor-element-984acde elementor-widget elementor-widget-text-editor\" data-id=\"984acde\" data-element_type=\"widget\" data-e-type=\"widget\" data-widget_type=\"text-editor.default\">\n\t\t\t\t<div class=\"elementor-widget-container\">\n\t\t\t\t\t\t\t\t\t<p><span style=\"letter-spacing: 0px;\">Madame Nonna SEHOVIC\u00a0<\/span><\/p><p><span lang=\"FR-CH\">Responsable<\/span><span lang=\"FR-CH\"> du d\u00e9partement <\/span><span lang=\"FR-CH\">Imp\u2019ACT<\/span><\/p><p>\u00a0<\/p>\t\t\t\t\t\t\t\t<\/div>\n\t\t\t\t<\/div>\n\t\t\t\t\t<\/div>\n\t\t<\/div>\n\t\t\t\t\t<\/div>\n\t\t<\/section>\n\t\t\t\t\t<\/div>\n\t\t<\/div>\n\t\t\t\t\t<\/div>\n\t\t<\/section>\n\t\t\t\t<\/div>","protected":false},"excerpt":{"rendered":"<p>\ud83d\udcde +352 26 155 &#8211; 1 www.hut.lu Direction Monsieur Philippe SCHRANTZ Directeur g\u00e9n\u00e9ral Comit\u00e9 de Collaboration et de Coordination Madame Nonna SEHOVIC\u00a0 Responsable du d\u00e9partement Imp\u2019ACT<\/p>","protected":false},"author":9,"featured_media":0,"parent":134,"menu_order":0,"comment_status":"closed","ping_status":"closed","template":"","meta":{"_acf_changed":false,"footnotes":""},"class_list":["post-1873","page","type-page","status-publish","hentry"],"acf":[],"_links":{"self":[{"href":"https:\/\/bientraitance.lu\/de\/wp-json\/wp\/v2\/pages\/1873","targetHints":{"allow":["GET"]}}],"collection":[{"href":"https:\/\/bientraitance.lu\/de\/wp-json\/wp\/v2\/pages"}],"about":[{"href":"https:\/\/bientraitance.lu\/de\/wp-json\/wp\/v2\/types\/page"}],"author":[{"embeddable":true,"href":"https:\/\/bientraitance.lu\/de\/wp-json\/wp\/v2\/users\/9"}],"replies":[{"embeddable":true,"href":"https:\/\/bientraitance.lu\/de\/wp-json\/wp\/v2\/comments?post=1873"}],"version-history":[{"count":89,"href":"https:\/\/bientraitance.lu\/de\/wp-json\/wp\/v2\/pages\/1873\/revisions"}],"predecessor-version":[{"id":4715,"href":"https:\/\/bientraitance.lu\/de\/wp-json\/wp\/v2\/pages\/1873\/revisions\/4715"}],"up":[{"embeddable":true,"href":"https:\/\/bientraitance.lu\/de\/wp-json\/wp\/v2\/pages\/134"}],"wp:attachment":[{"href":"https:\/\/bientraitance.lu\/de\/wp-json\/wp\/v2\/media?parent=1873"}],"curies":[{"name":"wp","href":"https:\/\/api.w.org\/{rel}","templated":true}]}}