{"id":132,"date":"2017-07-29T11:35:17","date_gmt":"2017-07-29T10:35:17","guid":{"rendered":"http:\/\/bientraitance.ggbro.club\/?page_id=132"},"modified":"2022-07-21T13:12:07","modified_gmt":"2022-07-21T12:12:07","slug":"charte-de-la-bientraitance","status":"publish","type":"page","link":"https:\/\/bientraitance.lu\/de\/le-dispositif-bientraitance\/charte-de-la-bientraitance\/","title":{"rendered":"Charta"},"content":{"rendered":"<div data-elementor-type=\"wp-page\" data-elementor-id=\"132\" class=\"elementor elementor-132\" data-elementor-post-type=\"page\">\n\t\t\t\t\t\t<section class=\"elementor-section elementor-top-section elementor-element elementor-element-dd90041 elementor-section-boxed elementor-section-height-default elementor-section-height-default\" data-id=\"dd90041\" data-element_type=\"section\" data-e-type=\"section\">\n\t\t\t\t\t\t<div class=\"elementor-container elementor-column-gap-default\">\n\t\t\t\t\t<div class=\"elementor-column elementor-col-100 elementor-top-column elementor-element elementor-element-3d84968f\" data-id=\"3d84968f\" data-element_type=\"column\" data-e-type=\"column\">\n\t\t\t<div class=\"elementor-widget-wrap elementor-element-populated\">\n\t\t\t\t\t\t<div class=\"elementor-element elementor-element-139adc3 elementor-widget elementor-widget-text-editor\" data-id=\"139adc3\" data-element_type=\"widget\" data-e-type=\"widget\" data-widget_type=\"text-editor.default\">\n\t\t\t\t<div class=\"elementor-widget-container\">\n\t\t\t\t\t\t\t\t\t<p class=\"text1\"><b>Charta der Bientraitance<\/b><\/p><ol class=\"text3\"><li>Wir nehmen in jeder Lage eine Haltung des professionellen Zuh\u00f6rens ein, um die Betreuung des uns anvertrauten Menschen in allen Phasen angemessen bewerten zu k\u00f6nnen.<\/li><li>Wir begleiten den uns anvertrauten Menschen als Co-Autor seines Lebensprojekts und lassen seiner Wahl- und Entscheidungsfreiheit Raum.<\/li><li>Wir achten die Intimsph\u00e4re und die W\u00fcrde des uns anvertrauten Menschen und setzen alles daran, seine physische und psychische Integrit\u00e4t zu wahren. Wir geben uns die Mittel an die Hand, die n\u00f6tig sind, um diese Mission zu erf\u00fcllen.<\/li><li>Wir handeln gegen jegliche Form von physischer oder psychischer Misshandlung indem wir eine Politik der Null-Toleranz durchsetzen.<\/li><li>Wir garantieren dem uns anvertrauten Menschen einen zweckdienlichen, ausf\u00fchrlichen und loyalen Zugang zu den ihn betreffenden Informationen.<\/li><li>Wir respektieren die Vertraulichkeit der Informationen, welche wir \u00fcber Situationen und den uns anvertrauten Menschen erlangen.<\/li><li>Wir gew\u00e4hrleisten eine den Berufsregeln entsprechende Betreuung des uns anvertrauten Menschen und dessen Nahestehenden und tragen Sorge, Zuwiderhandlungen gegen die Rechte und die W\u00fcrde des Einzelnen auszuschlie\u00dfen.<\/li><li>Im Rahmen unserer Betreuung setzen wir alles daran, jede Situation, die vom uns anvertrauten Menschen oder dessen Nahestehenden als schwierig oder konfliktgeladen erlebt wurde, transparent und angemessen zu behandeln.<\/li><li>Wir unterst\u00fctzen mit unserer F\u00fchrungspolitik die konstruktive Zusammenarbeit aller Mitarbeiter.<\/li><li>Wir pr\u00fcfen die Zufriedenheit des uns anvertrauten Menschen und\/oder dessen Nahestehenden in Bezug auf unser Angebot und nutzen diese Auswertungen um unsere Leistungen kontinuierlich zu verbessern.<\/li><\/ol><p style=\"text-align: center;\"><a href=\"https:\/\/bientraitance.lu\/wp-content\/uploads\/2017\/11\/Charte_Version_imprimable.pdf\" target=\"_blank\" rel=\"noopener\">Druckversion<\/a><\/p>\t\t\t\t\t\t\t\t<\/div>\n\t\t\t\t<\/div>\n\t\t\t\t\t<\/div>\n\t\t<\/div>\n\t\t\t\t\t<\/div>\n\t\t<\/section>\n\t\t\t\t<\/div>","protected":false},"excerpt":{"rendered":"<p>Charte de la Bientraitance Nous adoptons en toute circonstance une attitude d\u2019\u00e9coute professionnelle et de juste appr\u00e9ciation\u00a0\u00e0 chaque \u00e9tape du parcours du b\u00e9n\u00e9\ufb01ciaire, Nous accompagnons le<span class=\"excerpt-hellip\"> [\u2026]<\/span><\/p>","protected":false},"author":1,"featured_media":0,"parent":124,"menu_order":0,"comment_status":"closed","ping_status":"closed","template":"","meta":{"_acf_changed":false,"footnotes":""},"class_list":["post-132","page","type-page","status-publish","hentry"],"acf":[],"_links":{"self":[{"href":"https:\/\/bientraitance.lu\/de\/wp-json\/wp\/v2\/pages\/132","targetHints":{"allow":["GET"]}}],"collection":[{"href":"https:\/\/bientraitance.lu\/de\/wp-json\/wp\/v2\/pages"}],"about":[{"href":"https:\/\/bientraitance.lu\/de\/wp-json\/wp\/v2\/types\/page"}],"author":[{"embeddable":true,"href":"https:\/\/bientraitance.lu\/de\/wp-json\/wp\/v2\/users\/1"}],"replies":[{"embeddable":true,"href":"https:\/\/bientraitance.lu\/de\/wp-json\/wp\/v2\/comments?post=132"}],"version-history":[{"count":20,"href":"https:\/\/bientraitance.lu\/de\/wp-json\/wp\/v2\/pages\/132\/revisions"}],"predecessor-version":[{"id":3519,"href":"https:\/\/bientraitance.lu\/de\/wp-json\/wp\/v2\/pages\/132\/revisions\/3519"}],"up":[{"embeddable":true,"href":"https:\/\/bientraitance.lu\/de\/wp-json\/wp\/v2\/pages\/124"}],"wp:attachment":[{"href":"https:\/\/bientraitance.lu\/de\/wp-json\/wp\/v2\/media?parent=132"}],"curies":[{"name":"wp","href":"https:\/\/api.w.org\/{rel}","templated":true}]}}