{"id":117,"date":"2017-07-29T09:42:22","date_gmt":"2017-07-29T09:42:22","guid":{"rendered":"http:\/\/bientraitance.ggbro.club\/?page_id=117"},"modified":"2022-03-14T16:28:40","modified_gmt":"2022-03-14T15:28:40","slug":"historique","status":"publish","type":"page","link":"https:\/\/bientraitance.lu\/de\/historique\/","title":{"rendered":"Geschichte"},"content":{"rendered":"<div data-elementor-type=\"wp-page\" data-elementor-id=\"117\" class=\"elementor elementor-117\" data-elementor-post-type=\"page\">\n\t\t\t\t\t\t<section class=\"elementor-section elementor-top-section elementor-element elementor-element-8cf9555 elementor-section-boxed elementor-section-height-default elementor-section-height-default\" data-id=\"8cf9555\" data-element_type=\"section\" data-e-type=\"section\">\n\t\t\t\t\t\t<div class=\"elementor-container elementor-column-gap-default\">\n\t\t\t\t\t<div class=\"elementor-column elementor-col-50 elementor-top-column elementor-element elementor-element-86009ec\" data-id=\"86009ec\" data-element_type=\"column\" data-e-type=\"column\">\n\t\t\t<div class=\"elementor-widget-wrap elementor-element-populated\">\n\t\t\t\t\t\t<div class=\"elementor-element elementor-element-78915b8 elementor-widget elementor-widget-text-editor\" data-id=\"78915b8\" data-element_type=\"widget\" data-e-type=\"widget\" data-widget_type=\"text-editor.default\">\n\t\t\t\t<div class=\"elementor-widget-container\">\n\t\t\t\t\t\t\t\t\t<h5 style=\"font-family: Roboto, sans-serif; font-style: normal; font-variant-caps: normal;\"><span style=\"font-family: Roboto, sans-serif; font-size: 14px; font-style: normal; font-variant-caps: normal; font-weight: bold; letter-spacing: 0px;\">Die Geschichte des \u201eDispositiv der F\u00f6rderung der Bientraitance\u201c<\/span><\/h5><p style=\"font-family: Roboto, sans-serif; font-style: normal; font-variant-caps: normal;\">In Folge der Aufdeckung von mehreren Missbrauchssituationen in verschiedenen H\u00e4usern der katholischen Kirche hat des Erzbischof von Luxembourg im Jahre 2011 die Verantwortlichen der gro\u00dfen Organisationen welche sich um das Wohl von Kindern, Menschen mit Behinderung, oder \u00e4lteren Personen k\u00fcmmern, aufgerufen, sich dieser Problematik bewusst zu werden und konkrete Schritte zur Vorbeugung vor sexuellem Missbrauch zu unternehmen.<\/p><p style=\"font-family: Roboto, sans-serif; font-style: normal; font-variant-caps: normal;\">Die Organisationen des Caritas Verbundes erarbeiten im Juli 2012 einen Codex und Leitlinien zur Vorbeugung und zur Bearbeitung von Situationen von sexuellem Missbrauch innerhalb ihrer Organisationen.<\/p><p style=\"font-family: Roboto, sans-serif; font-style: normal; font-variant-caps: normal;\">Im Jahre 2013 schlie\u00dfen sich arcus a.s.b.l., Caritas Luxemburg, elisabeth und das Luxemburger Rote Kreuz zusammen um die Basis f\u00fcr ein konkretes Projekt, mit dem Ziel der Vorbeugung von sexuellem Missbrauch innerhalb ihrer Organisationen, zu legen.<\/p>\t\t\t\t\t\t\t\t<\/div>\n\t\t\t\t<\/div>\n\t\t\t\t\t<\/div>\n\t\t<\/div>\n\t\t\t\t<div class=\"elementor-column elementor-col-50 elementor-top-column elementor-element elementor-element-43fec2f\" data-id=\"43fec2f\" data-element_type=\"column\" data-e-type=\"column\">\n\t\t\t<div class=\"elementor-widget-wrap elementor-element-populated\">\n\t\t\t\t\t\t<div class=\"elementor-element elementor-element-2c6e10d elementor-widget elementor-widget-image\" data-id=\"2c6e10d\" data-element_type=\"widget\" data-e-type=\"widget\" data-widget_type=\"image.default\">\n\t\t\t\t<div class=\"elementor-widget-container\">\n\t\t\t\t\t\t\t\t\t\t\t\t\t\t\t<img fetchpriority=\"high\" decoding=\"async\" width=\"1024\" height=\"680\" src=\"https:\/\/bientraitance.lu\/wp-content\/uploads\/2017\/07\/histo_grupp-1024x680.jpg\" class=\"attachment-large size-large wp-image-827\" alt=\"\" srcset=\"https:\/\/bientraitance.lu\/wp-content\/uploads\/2017\/07\/histo_grupp.jpg 1024w, https:\/\/bientraitance.lu\/wp-content\/uploads\/2017\/07\/histo_grupp-300x199.jpg 300w, https:\/\/bientraitance.lu\/wp-content\/uploads\/2017\/07\/histo_grupp-768x510.jpg 768w, https:\/\/bientraitance.lu\/wp-content\/uploads\/2017\/07\/histo_grupp-220x146.jpg 220w, https:\/\/bientraitance.lu\/wp-content\/uploads\/2017\/07\/histo_grupp-50x33.jpg 50w, https:\/\/bientraitance.lu\/wp-content\/uploads\/2017\/07\/histo_grupp-113x75.jpg 113w\" sizes=\"(max-width: 1024px) 100vw, 1024px\" \/>\t\t\t\t\t\t\t\t\t\t\t\t\t\t\t<\/div>\n\t\t\t\t<\/div>\n\t\t\t\t\t<\/div>\n\t\t<\/div>\n\t\t\t\t\t<\/div>\n\t\t<\/section>\n\t\t\t\t<section class=\"elementor-section elementor-top-section elementor-element elementor-element-688bfc2 elementor-section-boxed elementor-section-height-default elementor-section-height-default\" data-id=\"688bfc2\" data-element_type=\"section\" data-e-type=\"section\">\n\t\t\t\t\t\t<div class=\"elementor-container elementor-column-gap-default\">\n\t\t\t\t\t<div class=\"elementor-column elementor-col-100 elementor-top-column elementor-element elementor-element-a61f1c9\" data-id=\"a61f1c9\" data-element_type=\"column\" data-e-type=\"column\">\n\t\t\t<div class=\"elementor-widget-wrap elementor-element-populated\">\n\t\t\t\t\t\t<div class=\"elementor-element elementor-element-aaa9545 elementor-widget elementor-widget-text-editor\" data-id=\"aaa9545\" data-element_type=\"widget\" data-e-type=\"widget\" data-widget_type=\"text-editor.default\">\n\t\t\t\t<div class=\"elementor-widget-container\">\n\t\t\t\t\t\t\t\t\t<p><span style=\"color: #808080;\">Im Laufe der gedanklichen Auseinandersetzung mit dem Thema und der Ausarbeitung des Projektes wurde es den Mitgliedern der verschiedenen Direktionen immer deutlicher, dass es nicht nur um die Vorbeugung des Missbrauchs gehen kann, sondern dass es besonders auch der F\u00f6rderung einer wirklichen Kultur der \u00ab Bientraitance \u00bb bedarf.<\/span><\/p><p class=\"text1\"><span style=\"color: #808080;\">Ab Januar 2014 besteht eine permanente Arbeitsgruppe, in welcher die 4 Gr\u00fcnderorganisationen vertreten sind. Diese trifft sich w\u00f6chentlich und sorgt f\u00fcr die Schaffung des Dispositiv. Eine Konvention wird ausgearbeitet und von den Mitgliedsorganisationen unterschrieben. Ein Posten f\u00fcr einen Delegierten f\u00fcr die Bientraitance (m\/w) wird geschaffen und eine Sensibilisierungskampagne f\u00fcr die 4600 Bediensteten der Organisationen wird vorgesehen. Die Direktoren der 4 Mitgliedsorganisationen nehmen gemeinsam an spezifischen Fortbildungen zur Problematik teil. W\u00e4hrend den Monaten M\u00e4rz und April 2014 nehmen 25 Personen an einer Multiplikatoren und Fortbildungsleitungsausbildung teil um ab Juni 2014 die Mitarbeiter der 4 Organisationen zum Thema zu sensibilisieren. Diese \u00ab Sensibilisierung zum Thema der Bientraitance \u00bb ist f\u00fcr alle Mitarbeiter der Mitgliedsorganisationen obligatorisch.<\/span><\/p><p class=\"text1\"><span style=\"color: #808080;\">Im Juli 2015 treffen noch einmal 15 neue Fortbildungsmultiplikatoren hinzu. Die Direktionen nehmen an einer weiteren Fortbildung zum Thema \u00ab Management und Kultur der Bientraitance teil \u00bb Im Herbst 2015 erarbeiten die 4 Organisationen eine Charta der Bientraitance und unterschreiben diese als gemeinsame Verpflichtung.<\/span><\/p><p class=\"text1\"><span style=\"color: #808080;\">Die \u00ab Internats Jacques Brocquart a.s.b.l. \u00bb sto\u00dfen im Jahr 2016 zum Dispositiv hinzu. Vertreter des Dispositiv nehmen an einem Seminar in Paris unter dem Motto : \u00ab \u201cNous n\u2019en avons pas fini avec la maltraitance\u201d was so viel hei\u00dft wie \u00ab Wir sind noch nicht fertig mit eventuellem Missbrauch \u00bb teil, und hatten dort Gelegenheit die ganzen Bem\u00fchungen der Luxemburger Organisationen zur Schaffung einer koh\u00e4renten Ma\u00dfnahme gegen jede Form von Missbrauch vorzustellen.<\/span><\/p><p><span style=\"color: #808080;\">Au cours des derni\u00e8res ann\u00e9es les diff\u00e9rentes organisations ont fait de plus en plus de d\u00e9marches en interne pour cr\u00e9er des r\u00e9seaux de multiplicateurs afin que le regard bientraitant sur les relations avec les b\u00e9n\u00e9ficiaires soit \u00e9tabli de mani\u00e8re durable.<\/span><\/p><p><span style=\"color: #808080;\">L\u2019existence du dispositif a men\u00e9 \u00e0 ce que d\u2019autres organisations s\u2019int\u00e9ressent \u00e0 la dynamique et s\u2019associent \u00e0 la d\u00e9marche. C\u2019est donc en 2019 que l\u2019A.s.b.l. L\u00ebnster P\u00e4iperl\u00e9k et la Fondation L\u00ebtzebuerger Kannerduerf font leur demande d\u2019adh\u00e9sion.<\/span><br \/><span style=\"color: #808080;\">Le dispositif d\u00e9marre donc \u00e0 7 dans la nouvelle d\u00e9cennie.<\/span><\/p>\t\t\t\t\t\t\t\t<\/div>\n\t\t\t\t<\/div>\n\t\t\t\t\t<\/div>\n\t\t<\/div>\n\t\t\t\t\t<\/div>\n\t\t<\/section>\n\t\t\t\t<section class=\"elementor-section elementor-top-section elementor-element elementor-element-096c890 elementor-section-boxed elementor-section-height-default elementor-section-height-default\" data-id=\"096c890\" data-element_type=\"section\" data-e-type=\"section\">\n\t\t\t\t\t\t<div class=\"elementor-container elementor-column-gap-default\">\n\t\t\t\t\t<div class=\"elementor-column elementor-col-100 elementor-top-column elementor-element elementor-element-5cb025f\" data-id=\"5cb025f\" data-element_type=\"column\" data-e-type=\"column\">\n\t\t\t<div class=\"elementor-widget-wrap elementor-element-populated\">\n\t\t\t\t\t\t<div class=\"elementor-element elementor-element-16aeeae elementor-widget elementor-widget-image\" data-id=\"16aeeae\" data-element_type=\"widget\" data-e-type=\"widget\" data-widget_type=\"image.default\">\n\t\t\t\t<div class=\"elementor-widget-container\">\n\t\t\t\t\t\t\t\t\t\t\t\t\t\t\t<img decoding=\"async\" width=\"1024\" height=\"724\" src=\"https:\/\/bientraitance.lu\/wp-content\/uploads\/2022\/03\/Sans-titre-Affiche-format-paysage-4-1024x724.png\" class=\"attachment-large size-large wp-image-3132\" alt=\"\" srcset=\"https:\/\/bientraitance.lu\/wp-content\/uploads\/2022\/03\/Sans-titre-Affiche-format-paysage-4-1024x724.png 1024w, https:\/\/bientraitance.lu\/wp-content\/uploads\/2022\/03\/Sans-titre-Affiche-format-paysage-4-300x212.png 300w, https:\/\/bientraitance.lu\/wp-content\/uploads\/2022\/03\/Sans-titre-Affiche-format-paysage-4-768x543.png 768w, https:\/\/bientraitance.lu\/wp-content\/uploads\/2022\/03\/Sans-titre-Affiche-format-paysage-4-1536x1086.png 1536w, https:\/\/bientraitance.lu\/wp-content\/uploads\/2022\/03\/Sans-titre-Affiche-format-paysage-4-2048x1448.png 2048w, https:\/\/bientraitance.lu\/wp-content\/uploads\/2022\/03\/Sans-titre-Affiche-format-paysage-4-207x146.png 207w, https:\/\/bientraitance.lu\/wp-content\/uploads\/2022\/03\/Sans-titre-Affiche-format-paysage-4-50x35.png 50w, https:\/\/bientraitance.lu\/wp-content\/uploads\/2022\/03\/Sans-titre-Affiche-format-paysage-4-106x75.png 106w\" sizes=\"(max-width: 1024px) 100vw, 1024px\" \/>\t\t\t\t\t\t\t\t\t\t\t\t\t\t\t<\/div>\n\t\t\t\t<\/div>\n\t\t\t\t\t<\/div>\n\t\t<\/div>\n\t\t\t\t\t<\/div>\n\t\t<\/section>\n\t\t\t\t<\/div>","protected":false},"excerpt":{"rendered":"<p>Historique du dispositif de promotion de la bientraitance Suite aux r\u00e9v\u00e9lations d&rsquo;abus sexuels dans l\u2019Eglise catholique et dans diff\u00e9rentes institutions, l\u2019archev\u00e9que du Luxembourg a fait appel<span class=\"excerpt-hellip\"> [\u2026]<\/span><\/p>","protected":false},"author":1,"featured_media":0,"parent":0,"menu_order":0,"comment_status":"closed","ping_status":"closed","template":"","meta":{"_acf_changed":false,"footnotes":""},"class_list":["post-117","page","type-page","status-publish","hentry"],"acf":[],"_links":{"self":[{"href":"https:\/\/bientraitance.lu\/de\/wp-json\/wp\/v2\/pages\/117","targetHints":{"allow":["GET"]}}],"collection":[{"href":"https:\/\/bientraitance.lu\/de\/wp-json\/wp\/v2\/pages"}],"about":[{"href":"https:\/\/bientraitance.lu\/de\/wp-json\/wp\/v2\/types\/page"}],"author":[{"embeddable":true,"href":"https:\/\/bientraitance.lu\/de\/wp-json\/wp\/v2\/users\/1"}],"replies":[{"embeddable":true,"href":"https:\/\/bientraitance.lu\/de\/wp-json\/wp\/v2\/comments?post=117"}],"version-history":[{"count":29,"href":"https:\/\/bientraitance.lu\/de\/wp-json\/wp\/v2\/pages\/117\/revisions"}],"predecessor-version":[{"id":3135,"href":"https:\/\/bientraitance.lu\/de\/wp-json\/wp\/v2\/pages\/117\/revisions\/3135"}],"wp:attachment":[{"href":"https:\/\/bientraitance.lu\/de\/wp-json\/wp\/v2\/media?parent=117"}],"curies":[{"name":"wp","href":"https:\/\/api.w.org\/{rel}","templated":true}]}}